{"id":28,"date":"2020-01-21T15:18:56","date_gmt":"2020-01-21T14:18:56","guid":{"rendered":"https:\/\/ddc.unirsm.sm\/wordpress\/?page_id=28"},"modified":"2024-10-03T12:10:06","modified_gmt":"2024-10-03T10:10:06","slug":"comunita","status":"publish","type":"page","link":"https:\/\/ddc.unirsm.sm\/index.php\/comunita\/","title":{"rendered":"COMUNIT\u00c0"},"content":{"rendered":"<h1>Design per le comunit\u00e0, con le comunit\u00e0<\/h1>\n<h2 style=\"font-weight: 400; font-style: normal; font-size: 19.2px; font-family: Ubuntu, sans-serif;\">Una sperimentazione interdisciplinare che indaga patrimoni e valori di comunit\u00e0 tradizionali, nuove o ibride e la capacit\u00e0&nbsp;di innescare il cambiamento basato sull\u2019acquisizione di capacit\u00e0 collettive.<\/h2>\n<p><a href=\"javascript:;\" data-rel=\"all\" data-cols=\"3\">All<\/a><br \/>\n<a href=\"javascript:;\" data-rel=\"conferenze\" data-cols=\"3\">conferenze<\/a><br \/>\n<a href=\"javascript:;\" data-rel=\"progetti-di-ricerca\" data-cols=\"3\">progetti di ricerca<\/a><br \/>\n<a href=\"javascript:;\" data-rel=\"workshop\" data-cols=\"3\">workshop<\/a><br \/>\n<a href=\"javascript:;\" data-rel=\"laboratorio\" data-cols=\"3\">laboratorio<\/a><br \/>\n<img src=\"https:\/\/ddc.unirsm.sm\/wordpress\/wp-content\/uploads\/2023\/06\/transumare-23-28-maggio-700x466.jpg\" alt=\"\"><figcaption>\n<h3>TRANSUMARE Festival<\/h3>\n<p>Genova 2022<br \/>\n<\/figcaption><a href=\"https:\/\/ddc.unirsm.sm\/index.php\/comunita\/transumare-festival-conferenze\/\"><\/a><br \/>\n<img src=\"https:\/\/ddc.unirsm.sm\/wordpress\/wp-content\/uploads\/2023\/06\/Simone_Sasso-700x466.jpg\" alt=\"\"><figcaption>\n<h3>GenerAzione Parco<\/h3>\n<p>Parco Sasso Simone Simoncello, 2022<br \/>\n<\/figcaption><a href=\"https:\/\/ddc.unirsm.sm\/index.php\/comunita\/progetto-g-a-p-ricerca\/\"><\/a><br \/>\n<img src=\"https:\/\/ddc.unirsm.sm\/wordpress\/wp-content\/uploads\/2023\/06\/@EmmaCorbelli_day02-27-700x466.jpg\" alt=\"\"><figcaption>\n<h3>Stretch the Edge<\/h3>\n<p>San Marino 2022<br \/>\n<\/figcaption><a href=\"https:\/\/ddc.unirsm.sm\/index.php\/comunita\/stretchtheedge\/\"><\/a><br \/>\n<img src=\"https:\/\/ddc.unirsm.sm\/wordpress\/wp-content\/uploads\/2023\/06\/20220915edit-38-700x466.jpg\" alt=\"\"><figcaption>\n<h3>Self-as-Other Training<\/h3>\n<p>CONTAMIN_AZIONI 2022<br \/>\n<\/figcaption><a href=\"https:\/\/ddc.unirsm.sm\/index.php\/comunita\/contamin_azioni-erranti2-wks\/\"><\/a><br \/>\n<img src=\"https:\/\/ddc.unirsm.sm\/wordpress\/wp-content\/uploads\/2023\/06\/20220916edit-34-700x466.jpg\" alt=\"\"><figcaption>\n<h3>Video-Serigrafie dell&#8217;Abitare<\/h3>\n<p>CONTAMIN_AZIONI 2022<br \/>\n<\/figcaption><a href=\"https:\/\/ddc.unirsm.sm\/index.php\/comunita\/contamin_azioni-erranti-wks\/\"><\/a><br \/>\n<img src=\"https:\/\/ddc.unirsm.sm\/wordpress\/wp-content\/uploads\/2021\/08\/cover_Beirut2021_600-600x466.jpg\" alt=\"\"><figcaption>\n<h3>FOOD MICRO CELLS<\/h3>\n<p>Libano, 2021<br \/>\n<\/figcaption><a href=\"https:\/\/ddc.unirsm.sm\/index.php\/comunita\/food-micro-cells\"><\/a><br \/>\n<img src=\"https:\/\/ddc.unirsm.sm\/wordpress\/wp-content\/uploads\/2020\/05\/Segni-mani-600-600x466.jpg\" alt=\"\"><figcaption>\n<h3>SORRIDIMI<\/h3>\n<p>VENEZIA &#8211; SAN MARINO, 2020<br \/>\n<\/figcaption><a href=\"https:\/\/ddc.unirsm.sm\/index.php\/comunita\/sorridimi\/\"><\/a><br \/>\n<img src=\"https:\/\/ddc.unirsm.sm\/wordpress\/wp-content\/uploads\/2020\/03\/DDC_WKS_MED_Cover_600-def2-600x466.jpg\" alt=\"\"><figcaption>\n<h3>PER COLORO CHE SONO SOSPESI<\/h3>\n<p>MAR MEDITERRANEO, 2019<br \/>\n<\/figcaption><a href=\"https:\/\/ddc.unirsm.sm\/index.php\/comunita\/mediterranea-wks\/\"><\/a><br \/>\n<img src=\"https:\/\/ddc.unirsm.sm\/wordpress\/wp-content\/uploads\/2020\/07\/Cover_2_Legni-2019b-600x466.jpg\" alt=\"\"><figcaption>\n<h3>LEGNI NARRANTI<\/h3>\n<p>Valmarecchia, 2019<br \/>\n<\/figcaption><a href=\"https:\/\/ddc.unirsm.sm\/index.php\/comunita\/legni-narranti\/\"><\/a><br \/>\n<img src=\"https:\/\/ddc.unirsm.sm\/wordpress\/wp-content\/uploads\/2020\/03\/Libano_Ciliegie_Cover_600-def-022-600x466.jpg\" alt=\"\"><figcaption>\n<h3>COLTIVATORI DI CILIEGIE<\/h3>\n<p>Libano, 2017<br \/>\n<\/figcaption><a href=\"https:\/\/ddc.unirsm.sm\/index.php\/comunita\/ciliegia-libano\/\"><\/a><br \/>\n<img src=\"https:\/\/ddc.unirsm.sm\/wordpress\/wp-content\/uploads\/2020\/03\/DDC_C_MOROCCO_Cover_600-def2-600x466.jpg\" alt=\"\"><figcaption>\n<h3>Tessuto: tradizione e innovazione<\/h3>\n<p>Marocco, 2016<br \/>\n<\/figcaption><a href=\"https:\/\/ddc.unirsm.sm\/index.php\/comunita\/marocco\/\"><\/a><br \/>\n<img src=\"https:\/\/ddc.unirsm.sm\/wordpress\/wp-content\/uploads\/2020\/03\/CONGO_web-def-600x466.jpg\" alt=\"\"><figcaption>\n<h3>GIOCHI E ISTRUZIONE<\/h3>\n<p>CONGO, 2010<br \/>\n<\/figcaption><a href=\"\"><\/a><\/p>\n<p><img width=\"946\" height=\"946\" src=\"https:\/\/ddc.unirsm.sm\/wordpress\/wp-content\/uploads\/2020\/06\/LOGO_review-Ric_2020-04.png\" alt=\"\" loading=\"lazy\" srcset=\"https:\/\/ddc.unirsm.sm\/wordpress\/wp-content\/uploads\/2020\/06\/LOGO_review-Ric_2020-04.png 946w, https:\/\/ddc.unirsm.sm\/wordpress\/wp-content\/uploads\/2020\/06\/LOGO_review-Ric_2020-04-300x300.png 300w, https:\/\/ddc.unirsm.sm\/wordpress\/wp-content\/uploads\/2020\/06\/LOGO_review-Ric_2020-04-150x150.png 150w, https:\/\/ddc.unirsm.sm\/wordpress\/wp-content\/uploads\/2020\/06\/LOGO_review-Ric_2020-04-768x768.png 768w, https:\/\/ddc.unirsm.sm\/wordpress\/wp-content\/uploads\/2020\/06\/LOGO_review-Ric_2020-04-440x440.png 440w, https:\/\/ddc.unirsm.sm\/wordpress\/wp-content\/uploads\/2020\/06\/LOGO_review-Ric_2020-04-610x610.png 610w, https:\/\/ddc.unirsm.sm\/wordpress\/wp-content\/uploads\/2020\/06\/LOGO_review-Ric_2020-04-600x600.png 600w, https:\/\/ddc.unirsm.sm\/wordpress\/wp-content\/uploads\/2020\/06\/LOGO_review-Ric_2020-04-100x100.png 100w\" sizes=\"(max-width: 946px) 100vw, 946px\"><\/p>\n<p><b>DESIGN STRATEGICO CON LE COMUNITA&#8217; LOCALI<\/b><\/p>\n<p>Ci occupiamo di strategie e processi di persone e territori accompagniamo le comunita\u0300 nell\u2019individuare risorse culturali, sociali, materiali e immateriali.<\/p>\n<p><img width=\"531\" height=\"177\" src=\"https:\/\/ddc.unirsm.sm\/wordpress\/wp-content\/uploads\/2020\/01\/loghi_patrocini_unirsm.png\" alt=\"\" loading=\"lazy\" srcset=\"https:\/\/ddc.unirsm.sm\/wordpress\/wp-content\/uploads\/2020\/01\/loghi_patrocini_unirsm.png 531w, https:\/\/ddc.unirsm.sm\/wordpress\/wp-content\/uploads\/2020\/01\/loghi_patrocini_unirsm-300x100.png 300w, https:\/\/ddc.unirsm.sm\/wordpress\/wp-content\/uploads\/2020\/01\/loghi_patrocini_unirsm-440x147.png 440w\" sizes=\"(max-width: 531px) 100vw, 531px\"><br \/>\n<img width=\"1024\" height=\"796\" src=\"https:\/\/ddc.unirsm.sm\/wordpress\/wp-content\/uploads\/2020\/01\/unirsm_design_logo_WHITE-1024x796.png\" alt=\"\" loading=\"lazy\" srcset=\"https:\/\/ddc.unirsm.sm\/wordpress\/wp-content\/uploads\/2020\/01\/unirsm_design_logo_WHITE-1024x796.png 1024w, https:\/\/ddc.unirsm.sm\/wordpress\/wp-content\/uploads\/2020\/01\/unirsm_design_logo_WHITE-300x233.png 300w, https:\/\/ddc.unirsm.sm\/wordpress\/wp-content\/uploads\/2020\/01\/unirsm_design_logo_WHITE-768x597.png 768w, https:\/\/ddc.unirsm.sm\/wordpress\/wp-content\/uploads\/2020\/01\/unirsm_design_logo_WHITE-440x342.png 440w, https:\/\/ddc.unirsm.sm\/wordpress\/wp-content\/uploads\/2020\/01\/unirsm_design_logo_WHITE-600x466.png 600w, https:\/\/ddc.unirsm.sm\/wordpress\/wp-content\/uploads\/2020\/01\/unirsm_design_logo_WHITE.png 1143w\" sizes=\"(max-width: 1024px) 100vw, 1024px\"><br \/>\n<a target=\"_blank\" rel=\"noopener\"><br \/>\nEnvelope<br \/>\n<\/a><br \/>\n<a target=\"_blank\" rel=\"noopener\"><br \/>\nInstagram<br \/>\n<\/a><br \/>\n<a target=\"_blank\" rel=\"noopener\"><br \/>\nLinkedin-in<br \/>\n<\/a><\/p>\n","protected":false},"excerpt":{"rendered":"<p>Design per le comunit\u00e0, con le comunit\u00e0 Una sperimentazione interdisciplinare che indaga patrimoni e valori di comunit\u00e0 tradizionali, nuove o ibride e la capacit\u00e0&nbsp;di innescare il cambiamento basato sull\u2019acquisizione di capacit\u00e0 collettive. All conferenze progetti di ricerca workshop laboratorio TRANSUMARE [&hellip;]<\/p>\n","protected":false},"author":1,"featured_media":0,"parent":0,"menu_order":0,"comment_status":"closed","ping_status":"open","template":"elementor_header_footer","meta":[],"_links":{"self":[{"href":"https:\/\/ddc.unirsm.sm\/index.php\/wp-json\/wp\/v2\/pages\/28"}],"collection":[{"href":"https:\/\/ddc.unirsm.sm\/index.php\/wp-json\/wp\/v2\/pages"}],"about":[{"href":"https:\/\/ddc.unirsm.sm\/index.php\/wp-json\/wp\/v2\/types\/page"}],"author":[{"embeddable":true,"href":"https:\/\/ddc.unirsm.sm\/index.php\/wp-json\/wp\/v2\/users\/1"}],"replies":[{"embeddable":true,"href":"https:\/\/ddc.unirsm.sm\/index.php\/wp-json\/wp\/v2\/comments?post=28"}],"version-history":[{"count":102,"href":"https:\/\/ddc.unirsm.sm\/index.php\/wp-json\/wp\/v2\/pages\/28\/revisions"}],"predecessor-version":[{"id":13989,"href":"https:\/\/ddc.unirsm.sm\/index.php\/wp-json\/wp\/v2\/pages\/28\/revisions\/13989"}],"wp:attachment":[{"href":"https:\/\/ddc.unirsm.sm\/index.php\/wp-json\/wp\/v2\/media?parent=28"}],"curies":[{"name":"wp","href":"https:\/\/api.w.org\/{rel}","templated":true}]}}